{"id":1813,"date":"2025-09-05T18:25:24","date_gmt":"2025-09-05T16:25:24","guid":{"rendered":"https:\/\/turdus.pl\/?post_type=product&#038;p=1813"},"modified":"2026-03-10T10:14:49","modified_gmt":"2026-03-10T09:14:49","slug":"karmnik-dla-wiewiorek","status":"publish","type":"product","link":"https:\/\/turdus.pl\/ru\/oferta\/karmniki-i-budki-dla-ptakow\/karmniki\/karmnik-dla-wiewiorek\/","title":{"rendered":"\u041a\u043e\u0440\u043c\u0443\u0448\u043a\u0430 \u0434\u043b\u044f \u0431\u0435\u043b\u043e\u043a"},"content":{"rendered":"<p>Karmnik dla wiewi\u00f3rek &#8211; konstrukcja u\u0142atwiaj\u0105ca karmienie wiewi\u00f3rek orzechami w \u0142upinach. Mo\u017cemy wykorzysta\u0107 orzechy laskowe lub orzechy w\u0142oskie. Karmnik wieszamy na drzewie lub w innym miejscy gdzie pojawiaj\u0105 si\u0119 wiewi\u00f3rki.<\/p>","protected":false},"excerpt":{"rendered":"<p>Karmnik dla wiewi\u00f3rek &#8211; konstrukcja u\u0142atwiaj\u0105ca karmienie wiewi\u00f3rek orzechami w \u0142upinach. Mo\u017cemy wykorzysta\u0107 orzechy laskowe lub orzechy w\u0142oskie. Karmnik wieszamy na drzewie lub w innym miejscy gdzie pojawiaj\u0105 si\u0119 wiewi\u00f3rki.<\/p>","protected":false},"featured_media":1815,"template":"","meta":{"_acf_changed":false,"inline_featured_image":false},"product_brand":[],"product_cat":[53,20],"product_tag":[],"class_list":{"0":"post-1813","1":"product","2":"type-product","3":"status-publish","4":"has-post-thumbnail","6":"product_cat-karmniki","7":"product_cat-karmniki-i-budki-dla-ptakow","9":"first","10":"instock","11":"taxable","12":"shipping-taxable","13":"purchasable","14":"product-type-simple"},"acf":[],"_links":{"self":[{"href":"https:\/\/turdus.pl\/ru\/wp-json\/wp\/v2\/product\/1813","targetHints":{"allow":["GET"]}}],"collection":[{"href":"https:\/\/turdus.pl\/ru\/wp-json\/wp\/v2\/product"}],"about":[{"href":"https:\/\/turdus.pl\/ru\/wp-json\/wp\/v2\/types\/product"}],"wp:featuredmedia":[{"embeddable":true,"href":"https:\/\/turdus.pl\/ru\/wp-json\/wp\/v2\/media\/1815"}],"wp:attachment":[{"href":"https:\/\/turdus.pl\/ru\/wp-json\/wp\/v2\/media?parent=1813"}],"wp:term":[{"taxonomy":"product_brand","embeddable":true,"href":"https:\/\/turdus.pl\/ru\/wp-json\/wp\/v2\/product_brand?post=1813"},{"taxonomy":"product_cat","embeddable":true,"href":"https:\/\/turdus.pl\/ru\/wp-json\/wp\/v2\/product_cat?post=1813"},{"taxonomy":"product_tag","embeddable":true,"href":"https:\/\/turdus.pl\/ru\/wp-json\/wp\/v2\/product_tag?post=1813"}],"curies":[{"name":"wp","href":"https:\/\/api.w.org\/{rel}","templated":true}]}}